{"id":102,"date":"2020-07-08T20:48:10","date_gmt":"2020-07-08T18:48:10","guid":{"rendered":"https:\/\/lamatiere.net\/?post_type=product&#038;p=102"},"modified":"2025-02-05T07:25:01","modified_gmt":"2025-02-05T06:25:01","slug":"meratont-session-iii-lencre","status":"publish","type":"product","link":"https:\/\/lamatiere.net\/index.php\/produit\/meratont-session-iii-lencre\/","title":{"rendered":"Meratont Session III &#8211; L&rsquo;Encre"},"content":{"rendered":"<p><iframe loading=\"lazy\" src=\"https:\/\/www.youtube.com\/embed\/JH3t_mJ-ixg\" width=\"560\" height=\"315\" frameborder=\"0\" allowfullscreen=\"allowfullscreen\"><\/iframe><br \/>\n<iframe loading=\"lazy\" src=\"https:\/\/www.youtube.com\/embed\/w6y4q_jOHXE\" width=\"560\" height=\"315\" frameborder=\"0\" allowfullscreen=\"allowfullscreen\"><\/iframe><br \/>\n<iframe loading=\"lazy\" src=\"https:\/\/www.youtube.com\/embed\/O47ZV6PdXmg\" width=\"560\" height=\"315\" frameborder=\"0\" allowfullscreen=\"allowfullscreen\"><\/iframe><\/p>\n","protected":false},"excerpt":{"rendered":"<p>La nouvelle encre Meratont est \u00e9labor\u00e9e dans les sous sols et souterrains de la capitale avec le plus grand respect de la tradition des ann\u00e9es 90.<br \/>\nElle conviendra parfaitement \u00e0 tous styles de support:<br \/>\ntrain, m\u00e9tro, bus et r\u00e9pondra \u00e0 tous vos d\u00e9sirs de toyage de wacks mc\u2019s et autres trappistes.<\/p>\n<p>Elle saura satisfaire toutes vos envies d\u2019\u00e9criture: du texte hardcore \u00e0 l\u2019\u00e9gotrip en passant par le conscient.<br \/>\nExtr\u00eamement polyvalente, elle s\u2019adaptera \u00e0 tous et deviendra bient\u00f4t l\u2019outil indispensable \u00e0 toutes vos futures sessions.<\/p>\n<p>Feat: D\u2019ter, Raem, Dude<br \/>\nBeat: Shar The Analog Bastard, Billy Le Boiteux, Tonto Noiza, Boukos, DJ Positif Omen<br \/>\nCut: Meraxx<br \/>\nMix &amp; Master: Tonto Noiza<br \/>\nPochette: Virgile<\/p>\n","protected":false},"featured_media":316,"template":"","meta":[],"product_brand":[],"product_cat":[30],"product_tag":[],"class_list":{"0":"post-102","1":"product","2":"type-product","3":"status-publish","4":"has-post-thumbnail","6":"product_cat-cd","7":"product_shipping_class-cd","9":"first","10":"instock","11":"shipping-taxable","12":"purchasable","13":"product-type-simple"},"_links":{"self":[{"href":"https:\/\/lamatiere.net\/index.php\/wp-json\/wp\/v2\/product\/102","targetHints":{"allow":["GET"]}}],"collection":[{"href":"https:\/\/lamatiere.net\/index.php\/wp-json\/wp\/v2\/product"}],"about":[{"href":"https:\/\/lamatiere.net\/index.php\/wp-json\/wp\/v2\/types\/product"}],"wp:featuredmedia":[{"embeddable":true,"href":"https:\/\/lamatiere.net\/index.php\/wp-json\/wp\/v2\/media\/316"}],"wp:attachment":[{"href":"https:\/\/lamatiere.net\/index.php\/wp-json\/wp\/v2\/media?parent=102"}],"wp:term":[{"taxonomy":"product_brand","embeddable":true,"href":"https:\/\/lamatiere.net\/index.php\/wp-json\/wp\/v2\/product_brand?post=102"},{"taxonomy":"product_cat","embeddable":true,"href":"https:\/\/lamatiere.net\/index.php\/wp-json\/wp\/v2\/product_cat?post=102"},{"taxonomy":"product_tag","embeddable":true,"href":"https:\/\/lamatiere.net\/index.php\/wp-json\/wp\/v2\/product_tag?post=102"}],"curies":[{"name":"wp","href":"https:\/\/api.w.org\/{rel}","templated":true}]}}