{"id":216,"date":"2020-07-09T19:14:41","date_gmt":"2020-07-09T17:14:41","guid":{"rendered":"https:\/\/lamatiere.net\/?post_type=product&#038;p=216"},"modified":"2023-12-27T12:57:11","modified_gmt":"2023-12-27T11:57:11","slug":"meraxx-inzu-faut-te-battre","status":"publish","type":"product","link":"https:\/\/lamatiere.net\/index.php\/produit\/meraxx-inzu-faut-te-battre\/","title":{"rendered":"Meraxx &#038; Inzu \u2013 Faut Te Battre"},"content":{"rendered":"<p><iframe loading=\"lazy\" src=\"https:\/\/www.youtube.com\/embed\/WNrS0qvhE5o\" width=\"560\" height=\"315\" frameborder=\"0\" allowfullscreen=\"allowfullscreen\"><\/iframe><br \/>\n<iframe loading=\"lazy\" src=\"https:\/\/www.youtube.com\/embed\/7e9NJV_9eys\" width=\"560\" height=\"315\" frameborder=\"0\" allowfullscreen=\"allowfullscreen\"><\/iframe><\/p>\n","protected":false},"excerpt":{"rendered":"<p>Faut Te Battre est le 2\u00e9me album n\u00e9 de la collaboration entre le rapeur Meraxx et le beatmaker Italien Inzu.<br \/>\nLe fait qu\u2019il soit \u00e9crit et produit pour ca grande majorit\u00e9 en une semaine lors d\u2019un s\u00e9jours a Rome conf\u00e8re une certaine homog\u00e9n\u00e9it\u00e9 au projet.<br \/>\nPas mal d\u2019invit\u00e9, du lyriks et des gros beat.<br \/>\nEn r\u00e9sum\u00e9, un 12 titres de pur hiphop.<\/p>\n","protected":false},"featured_media":661,"template":"","meta":[],"product_brand":[],"product_cat":[30],"product_tag":[],"class_list":{"0":"post-216","1":"product","2":"type-product","3":"status-publish","4":"has-post-thumbnail","6":"product_cat-cd","7":"product_shipping_class-cd","9":"first","10":"outofstock","11":"shipping-taxable","12":"purchasable","13":"product-type-simple"},"_links":{"self":[{"href":"https:\/\/lamatiere.net\/index.php\/wp-json\/wp\/v2\/product\/216","targetHints":{"allow":["GET"]}}],"collection":[{"href":"https:\/\/lamatiere.net\/index.php\/wp-json\/wp\/v2\/product"}],"about":[{"href":"https:\/\/lamatiere.net\/index.php\/wp-json\/wp\/v2\/types\/product"}],"wp:featuredmedia":[{"embeddable":true,"href":"https:\/\/lamatiere.net\/index.php\/wp-json\/wp\/v2\/media\/661"}],"wp:attachment":[{"href":"https:\/\/lamatiere.net\/index.php\/wp-json\/wp\/v2\/media?parent=216"}],"wp:term":[{"taxonomy":"product_brand","embeddable":true,"href":"https:\/\/lamatiere.net\/index.php\/wp-json\/wp\/v2\/product_brand?post=216"},{"taxonomy":"product_cat","embeddable":true,"href":"https:\/\/lamatiere.net\/index.php\/wp-json\/wp\/v2\/product_cat?post=216"},{"taxonomy":"product_tag","embeddable":true,"href":"https:\/\/lamatiere.net\/index.php\/wp-json\/wp\/v2\/product_tag?post=216"}],"curies":[{"name":"wp","href":"https:\/\/api.w.org\/{rel}","templated":true}]}}