{"id":217,"date":"2020-07-11T19:26:26","date_gmt":"2020-07-11T17:26:26","guid":{"rendered":"https:\/\/lamatiere.net\/?post_type=product&#038;p=217"},"modified":"2020-08-24T21:26:31","modified_gmt":"2020-08-24T19:26:31","slug":"meratont-best-of-session-selected-by-pacoje-k7","status":"publish","type":"product","link":"https:\/\/lamatiere.net\/index.php\/produit\/meratont-best-of-session-selected-by-pacoje-k7\/","title":{"rendered":"Meratont &#8211; Best Of Session (selected by Pacoje) &#8211; K7"},"content":{"rendered":"","protected":false},"excerpt":{"rendered":"<p>K7 en \u00e9dition limit\u00e9e \u00e0 30 exemplaires num\u00e9rot\u00e9s.<\/p>\n<p>Sur une id\u00e9e originale de K7 Pacoje, \u00e9paul\u00e9 par Meraxx et 1D-ProduXion pour la r\u00e9alisation, ce projet fait le point sur les 5 derni\u00e8res ann\u00e9es rapologiques de Tonto Noisa et Meraxx.<\/p>\n<p>28 tracks\/90minutes !<\/p>\n","protected":false},"featured_media":306,"template":"","meta":[],"product_brand":[],"product_cat":[36],"product_tag":[],"class_list":{"0":"post-217","1":"product","2":"type-product","3":"status-publish","4":"has-post-thumbnail","6":"product_cat-k7","8":"first","9":"outofstock","10":"shipping-taxable","11":"product-type-simple"},"_links":{"self":[{"href":"https:\/\/lamatiere.net\/index.php\/wp-json\/wp\/v2\/product\/217","targetHints":{"allow":["GET"]}}],"collection":[{"href":"https:\/\/lamatiere.net\/index.php\/wp-json\/wp\/v2\/product"}],"about":[{"href":"https:\/\/lamatiere.net\/index.php\/wp-json\/wp\/v2\/types\/product"}],"wp:featuredmedia":[{"embeddable":true,"href":"https:\/\/lamatiere.net\/index.php\/wp-json\/wp\/v2\/media\/306"}],"wp:attachment":[{"href":"https:\/\/lamatiere.net\/index.php\/wp-json\/wp\/v2\/media?parent=217"}],"wp:term":[{"taxonomy":"product_brand","embeddable":true,"href":"https:\/\/lamatiere.net\/index.php\/wp-json\/wp\/v2\/product_brand?post=217"},{"taxonomy":"product_cat","embeddable":true,"href":"https:\/\/lamatiere.net\/index.php\/wp-json\/wp\/v2\/product_cat?post=217"},{"taxonomy":"product_tag","embeddable":true,"href":"https:\/\/lamatiere.net\/index.php\/wp-json\/wp\/v2\/product_tag?post=217"}],"curies":[{"name":"wp","href":"https:\/\/api.w.org\/{rel}","templated":true}]}}