{"id":323,"date":"2020-07-06T17:40:20","date_gmt":"2020-07-06T15:40:20","guid":{"rendered":"https:\/\/lamatiere.net\/?post_type=product&#038;p=323"},"modified":"2024-05-30T11:24:05","modified_gmt":"2024-05-30T09:24:05","slug":"oeadk","status":"publish","type":"product","link":"https:\/\/lamatiere.net\/index.php\/produit\/oeadk\/","title":{"rendered":"OEADK"},"content":{"rendered":"<div class=\"epyt-video-wrapper\"><iframe loading=\"lazy\"  id=\"_ytid_74797\"  width=\"980\" height=\"551\"  data-origwidth=\"980\" data-origheight=\"551\"  data-relstop=\"1\" src=\"https:\/\/www.youtube.com\/embed\/hDUrFnwaVOk?enablejsapi=1&#038;autoplay=0&#038;cc_load_policy=0&#038;cc_lang_pref=&#038;iv_load_policy=3&#038;loop=0&#038;rel=0&#038;fs=1&#038;playsinline=0&#038;autohide=2&#038;theme=dark&#038;color=white&#038;controls=1&#038;disablekb=0&#038;\" class=\"__youtube_prefs__  epyt-is-override  no-lazyload\" title=\"YouTube player\"  allow=\"fullscreen; accelerometer; autoplay; clipboard-write; encrypted-media; gyroscope; picture-in-picture; web-share\" referrerpolicy=\"strict-origin-when-cross-origin\" allowfullscreen data-no-lazy=\"1\" data-skipgform_ajax_framebjll=\"\"><\/iframe><\/div>\n<div class=\"epyt-video-wrapper\"><iframe loading=\"lazy\"  id=\"_ytid_22931\"  width=\"980\" height=\"551\"  data-origwidth=\"980\" data-origheight=\"551\"  data-relstop=\"1\" src=\"https:\/\/www.youtube.com\/embed\/JsnNHpPZCZI?enablejsapi=1&#038;autoplay=0&#038;cc_load_policy=0&#038;cc_lang_pref=&#038;iv_load_policy=3&#038;loop=0&#038;rel=0&#038;fs=1&#038;playsinline=0&#038;autohide=2&#038;theme=dark&#038;color=white&#038;controls=1&#038;disablekb=0&#038;\" class=\"__youtube_prefs__  epyt-is-override  no-lazyload\" title=\"YouTube player\"  allow=\"fullscreen; accelerometer; autoplay; clipboard-write; encrypted-media; gyroscope; picture-in-picture; web-share\" referrerpolicy=\"strict-origin-when-cross-origin\" allowfullscreen data-no-lazy=\"1\" data-skipgform_ajax_framebjll=\"\"><\/iframe><\/div>\n<div class=\"epyt-video-wrapper\"><iframe loading=\"lazy\"  id=\"_ytid_67553\"  width=\"980\" height=\"551\"  data-origwidth=\"980\" data-origheight=\"551\"  data-relstop=\"1\" src=\"https:\/\/www.youtube.com\/embed\/mKMcWqjMD7g?enablejsapi=1&#038;autoplay=0&#038;cc_load_policy=0&#038;cc_lang_pref=&#038;iv_load_policy=3&#038;loop=0&#038;rel=0&#038;fs=1&#038;playsinline=0&#038;autohide=2&#038;theme=dark&#038;color=white&#038;controls=1&#038;disablekb=0&#038;\" class=\"__youtube_prefs__  epyt-is-override  no-lazyload\" title=\"YouTube player\"  allow=\"fullscreen; accelerometer; autoplay; clipboard-write; encrypted-media; gyroscope; picture-in-picture; web-share\" referrerpolicy=\"strict-origin-when-cross-origin\" allowfullscreen data-no-lazy=\"1\" data-skipgform_ajax_framebjll=\"\"><\/iframe><\/div>\n","protected":false},"excerpt":{"rendered":"<p>OEADK est n\u00e9 de l&rsquo;id\u00e9e de r\u00e9unir OEA (OnEstAlll) et ADK Crew (AssociationDeKartonneur) au sein d\u2019un m\u00eame collectif.<br \/>\nLeurs d\u00e9buts dans le hip-hop sont diff\u00e9rents et vari\u00e9s.<br \/>\nCela peut aller de 1987 \u00e0 1997 au travers de disciplines tel que :<br \/>\nle rap, le beatmaking, le graffiti le DJing et la danse.<br \/>\nRahl, Dalichar, Boukos, Latir One, Secone, Raem, D\u2019ter, Meraxx, Tonto et Shar livrent ici leur 1er album.<br \/>\nAlors, auditeur auditrice ouvre grand tes oreilles ca va te faire du bien !!<\/p>\n","protected":false},"featured_media":328,"template":"","meta":[],"product_brand":[],"product_cat":[30],"product_tag":[],"class_list":{"0":"post-323","1":"product","2":"type-product","3":"status-publish","4":"has-post-thumbnail","6":"product_cat-cd","7":"product_shipping_class-cd","9":"first","10":"outofstock","11":"shipping-taxable","12":"purchasable","13":"product-type-simple"},"_links":{"self":[{"href":"https:\/\/lamatiere.net\/index.php\/wp-json\/wp\/v2\/product\/323","targetHints":{"allow":["GET"]}}],"collection":[{"href":"https:\/\/lamatiere.net\/index.php\/wp-json\/wp\/v2\/product"}],"about":[{"href":"https:\/\/lamatiere.net\/index.php\/wp-json\/wp\/v2\/types\/product"}],"wp:featuredmedia":[{"embeddable":true,"href":"https:\/\/lamatiere.net\/index.php\/wp-json\/wp\/v2\/media\/328"}],"wp:attachment":[{"href":"https:\/\/lamatiere.net\/index.php\/wp-json\/wp\/v2\/media?parent=323"}],"wp:term":[{"taxonomy":"product_brand","embeddable":true,"href":"https:\/\/lamatiere.net\/index.php\/wp-json\/wp\/v2\/product_brand?post=323"},{"taxonomy":"product_cat","embeddable":true,"href":"https:\/\/lamatiere.net\/index.php\/wp-json\/wp\/v2\/product_cat?post=323"},{"taxonomy":"product_tag","embeddable":true,"href":"https:\/\/lamatiere.net\/index.php\/wp-json\/wp\/v2\/product_tag?post=323"}],"curies":[{"name":"wp","href":"https:\/\/api.w.org\/{rel}","templated":true}]}}