{"id":338,"date":"2020-07-03T18:27:52","date_gmt":"2020-07-03T16:27:52","guid":{"rendered":"https:\/\/lamatiere.net\/?post_type=product&#038;p=338"},"modified":"2026-01-25T21:52:50","modified_gmt":"2026-01-25T20:52:50","slug":"da-big-five-cd-6-titres","status":"publish","type":"product","link":"https:\/\/lamatiere.net\/index.php\/produit\/da-big-five-cd-6-titres\/","title":{"rendered":"Da Big Five \u2013 CD 6 Titres"},"content":{"rendered":"<div class=\"epyt-video-wrapper\"><iframe loading=\"lazy\"  id=\"_ytid_88691\"  width=\"980\" height=\"551\"  data-origwidth=\"980\" data-origheight=\"551\"  data-relstop=\"1\" src=\"https:\/\/www.youtube.com\/embed\/Hv5JgX4XAlA?enablejsapi=1&#038;autoplay=0&#038;cc_load_policy=0&#038;cc_lang_pref=&#038;iv_load_policy=3&#038;loop=0&#038;rel=0&#038;fs=1&#038;playsinline=0&#038;autohide=2&#038;theme=dark&#038;color=white&#038;controls=1&#038;disablekb=0&#038;\" class=\"__youtube_prefs__  epyt-is-override  no-lazyload\" title=\"YouTube player\"  allow=\"fullscreen; accelerometer; autoplay; clipboard-write; encrypted-media; gyroscope; picture-in-picture; web-share\" referrerpolicy=\"strict-origin-when-cross-origin\" allowfullscreen data-no-lazy=\"1\" data-skipgform_ajax_framebjll=\"\"><\/iframe><\/div>\n","protected":false},"excerpt":{"rendered":"<p>Suite \u00e0 des diff\u00e9rences d\u2019avis sur la direction artistique du groupe et l\u2019abandon du second album la d\u00e9cision est prise de sortir cet ultime Ep pour liquider les quelques fond r\u00e9colt\u00e9s.<br \/>\nIl n\u2019en reste pas moins un excellent 6 titres de nos mc\u2019s sur des prod de Tonto Noiza et Shar The Analog Bastard.<br \/>\nA noter que toutes les version instru sont inclus sur le CD.<\/p>\n","protected":false},"featured_media":339,"template":"","meta":[],"product_brand":[],"product_cat":[30],"product_tag":[],"class_list":{"0":"post-338","1":"product","2":"type-product","3":"status-publish","4":"has-post-thumbnail","6":"product_cat-cd","7":"product_shipping_class-cd","9":"first","10":"instock","11":"shipping-taxable","12":"purchasable","13":"product-type-simple"},"_links":{"self":[{"href":"https:\/\/lamatiere.net\/index.php\/wp-json\/wp\/v2\/product\/338","targetHints":{"allow":["GET"]}}],"collection":[{"href":"https:\/\/lamatiere.net\/index.php\/wp-json\/wp\/v2\/product"}],"about":[{"href":"https:\/\/lamatiere.net\/index.php\/wp-json\/wp\/v2\/types\/product"}],"wp:featuredmedia":[{"embeddable":true,"href":"https:\/\/lamatiere.net\/index.php\/wp-json\/wp\/v2\/media\/339"}],"wp:attachment":[{"href":"https:\/\/lamatiere.net\/index.php\/wp-json\/wp\/v2\/media?parent=338"}],"wp:term":[{"taxonomy":"product_brand","embeddable":true,"href":"https:\/\/lamatiere.net\/index.php\/wp-json\/wp\/v2\/product_brand?post=338"},{"taxonomy":"product_cat","embeddable":true,"href":"https:\/\/lamatiere.net\/index.php\/wp-json\/wp\/v2\/product_cat?post=338"},{"taxonomy":"product_tag","embeddable":true,"href":"https:\/\/lamatiere.net\/index.php\/wp-json\/wp\/v2\/product_tag?post=338"}],"curies":[{"name":"wp","href":"https:\/\/api.w.org\/{rel}","templated":true}]}}