{"id":640,"date":"2023-11-23T11:25:34","date_gmt":"2023-11-23T10:25:34","guid":{"rendered":"https:\/\/lamatiere.net\/?post_type=product&#038;p=640"},"modified":"2024-01-11T18:44:33","modified_gmt":"2024-01-11T17:44:33","slug":"tonto-x-shar-vinyl","status":"publish","type":"product","link":"https:\/\/lamatiere.net\/index.php\/produit\/tonto-x-shar-vinyl\/","title":{"rendered":"Tonto X Shar \u2013 EP Vinyl + Album CD Soul Sol 50"},"content":{"rendered":"","protected":false},"excerpt":{"rendered":"<p>Ep vinyle 7 titres de Tonton Noiza enti\u00e8rement produit par Shar The Analog Bastard avec tous les membres de La Mati\u00e8re en featuring ainsi que 5Des et Malick La Preuve.<br \/>\nEdition limit\u00e9e avec une d\u00e9dicace personnalis\u00e9e sur demande + Album CD Soul Sol 50 offert.<\/p>\n","protected":false},"featured_media":664,"template":"","meta":[],"product_brand":[],"product_cat":[35],"product_tag":[],"class_list":{"0":"post-640","1":"product","2":"type-product","3":"status-publish","4":"has-post-thumbnail","6":"product_cat-vinyl","7":"product_shipping_class-vinyl","9":"first","10":"outofstock","11":"shipping-taxable","12":"purchasable","13":"product-type-simple"},"_links":{"self":[{"href":"https:\/\/lamatiere.net\/index.php\/wp-json\/wp\/v2\/product\/640","targetHints":{"allow":["GET"]}}],"collection":[{"href":"https:\/\/lamatiere.net\/index.php\/wp-json\/wp\/v2\/product"}],"about":[{"href":"https:\/\/lamatiere.net\/index.php\/wp-json\/wp\/v2\/types\/product"}],"wp:featuredmedia":[{"embeddable":true,"href":"https:\/\/lamatiere.net\/index.php\/wp-json\/wp\/v2\/media\/664"}],"wp:attachment":[{"href":"https:\/\/lamatiere.net\/index.php\/wp-json\/wp\/v2\/media?parent=640"}],"wp:term":[{"taxonomy":"product_brand","embeddable":true,"href":"https:\/\/lamatiere.net\/index.php\/wp-json\/wp\/v2\/product_brand?post=640"},{"taxonomy":"product_cat","embeddable":true,"href":"https:\/\/lamatiere.net\/index.php\/wp-json\/wp\/v2\/product_cat?post=640"},{"taxonomy":"product_tag","embeddable":true,"href":"https:\/\/lamatiere.net\/index.php\/wp-json\/wp\/v2\/product_tag?post=640"}],"curies":[{"name":"wp","href":"https:\/\/api.w.org\/{rel}","templated":true}]}}