{"id":812,"date":"2025-04-15T15:44:16","date_gmt":"2025-04-15T13:44:16","guid":{"rendered":"https:\/\/lamatiere.net\/?post_type=product&#038;p=812"},"modified":"2026-01-17T13:06:40","modified_gmt":"2026-01-17T12:06:40","slug":"d-ter-capsule-temporelle","status":"publish","type":"product","link":"https:\/\/lamatiere.net\/index.php\/produit\/d-ter-capsule-temporelle\/","title":{"rendered":"D.TER \u2013 Capsule Temporelle"},"content":{"rendered":"<div class=\"epyt-video-wrapper\"><iframe loading=\"lazy\"  id=\"_ytid_50416\"  width=\"980\" height=\"551\"  data-origwidth=\"980\" data-origheight=\"551\"  data-relstop=\"1\" src=\"https:\/\/www.youtube.com\/embed\/pvZtqbdUMJk?enablejsapi=1&#038;autoplay=0&#038;cc_load_policy=0&#038;cc_lang_pref=&#038;iv_load_policy=3&#038;loop=0&#038;rel=0&#038;fs=1&#038;playsinline=0&#038;autohide=2&#038;theme=dark&#038;color=white&#038;controls=1&#038;disablekb=0&#038;\" class=\"__youtube_prefs__  epyt-is-override  no-lazyload\" title=\"YouTube player\"  allow=\"fullscreen; accelerometer; autoplay; clipboard-write; encrypted-media; gyroscope; picture-in-picture; web-share\" referrerpolicy=\"strict-origin-when-cross-origin\" allowfullscreen data-no-lazy=\"1\" data-skipgform_ajax_framebjll=\"\"><\/iframe><\/div>\n","protected":false},"excerpt":{"rendered":"<p>Bienvenu dans cette \u00a0\u00bbCapsule Temporelle\u00a0\u00bb confectionn\u00e9 par D&rsquo;ter.<br \/>\nCe 1er album solo est un acte de memoire pour traverser le temps,<br \/>\n13 titres ou il nous expose sa fa\u00e7on de voir les choses sur de grosses prod<br \/>\nr\u00e9alis\u00e9es par des proches de l&rsquo;\u00e9quipe.<br \/>\nCot\u00e9 featuring on y retrouve notamment Daddy Lord C et Reda La Pire Des Races<br \/>\npour un gros morceau freestyle m\u00e9morable.<\/p>\n","protected":false},"featured_media":813,"template":"","meta":[],"product_brand":[],"product_cat":[30],"product_tag":[],"class_list":{"0":"post-812","1":"product","2":"type-product","3":"status-publish","4":"has-post-thumbnail","6":"product_cat-cd","7":"product_shipping_class-cd","9":"first","10":"instock","11":"shipping-taxable","12":"purchasable","13":"product-type-simple"},"_links":{"self":[{"href":"https:\/\/lamatiere.net\/index.php\/wp-json\/wp\/v2\/product\/812","targetHints":{"allow":["GET"]}}],"collection":[{"href":"https:\/\/lamatiere.net\/index.php\/wp-json\/wp\/v2\/product"}],"about":[{"href":"https:\/\/lamatiere.net\/index.php\/wp-json\/wp\/v2\/types\/product"}],"wp:featuredmedia":[{"embeddable":true,"href":"https:\/\/lamatiere.net\/index.php\/wp-json\/wp\/v2\/media\/813"}],"wp:attachment":[{"href":"https:\/\/lamatiere.net\/index.php\/wp-json\/wp\/v2\/media?parent=812"}],"wp:term":[{"taxonomy":"product_brand","embeddable":true,"href":"https:\/\/lamatiere.net\/index.php\/wp-json\/wp\/v2\/product_brand?post=812"},{"taxonomy":"product_cat","embeddable":true,"href":"https:\/\/lamatiere.net\/index.php\/wp-json\/wp\/v2\/product_cat?post=812"},{"taxonomy":"product_tag","embeddable":true,"href":"https:\/\/lamatiere.net\/index.php\/wp-json\/wp\/v2\/product_tag?post=812"}],"curies":[{"name":"wp","href":"https:\/\/api.w.org\/{rel}","templated":true}]}}