{"id":830,"date":"2025-07-26T13:38:44","date_gmt":"2025-07-26T11:38:44","guid":{"rendered":"https:\/\/lamatiere.net\/?post_type=product&#038;p=830"},"modified":"2025-07-26T14:19:36","modified_gmt":"2025-07-26T12:19:36","slug":"la-matiere-x-inzumental","status":"publish","type":"product","link":"https:\/\/lamatiere.net\/index.php\/produit\/la-matiere-x-inzumental\/","title":{"rendered":"La Mati\u00e8re x Inzumental"},"content":{"rendered":"","protected":false},"excerpt":{"rendered":"<p>Une fois encore La Mati\u00e8re et Inzumental unissent leurs forces pour ce nouvel opus ou des titres solo et des morceaux de groupe s&rsquo;enchainent.<br \/>\nUn nouveau 12 track solide compos\u00e9 enti\u00e8rement par Inzu o\u00f9 Meraxx, Tonto Noiza, D&rsquo;ter et Dalichar distillent leurs flows.<\/p>\n","protected":false},"featured_media":831,"template":"","meta":[],"product_brand":[],"product_cat":[30],"product_tag":[],"class_list":{"0":"post-830","1":"product","2":"type-product","3":"status-publish","4":"has-post-thumbnail","6":"product_cat-cd","7":"product_shipping_class-cd","9":"first","10":"instock","11":"shipping-taxable","12":"purchasable","13":"product-type-simple"},"_links":{"self":[{"href":"https:\/\/lamatiere.net\/index.php\/wp-json\/wp\/v2\/product\/830","targetHints":{"allow":["GET"]}}],"collection":[{"href":"https:\/\/lamatiere.net\/index.php\/wp-json\/wp\/v2\/product"}],"about":[{"href":"https:\/\/lamatiere.net\/index.php\/wp-json\/wp\/v2\/types\/product"}],"wp:featuredmedia":[{"embeddable":true,"href":"https:\/\/lamatiere.net\/index.php\/wp-json\/wp\/v2\/media\/831"}],"wp:attachment":[{"href":"https:\/\/lamatiere.net\/index.php\/wp-json\/wp\/v2\/media?parent=830"}],"wp:term":[{"taxonomy":"product_brand","embeddable":true,"href":"https:\/\/lamatiere.net\/index.php\/wp-json\/wp\/v2\/product_brand?post=830"},{"taxonomy":"product_cat","embeddable":true,"href":"https:\/\/lamatiere.net\/index.php\/wp-json\/wp\/v2\/product_cat?post=830"},{"taxonomy":"product_tag","embeddable":true,"href":"https:\/\/lamatiere.net\/index.php\/wp-json\/wp\/v2\/product_tag?post=830"}],"curies":[{"name":"wp","href":"https:\/\/api.w.org\/{rel}","templated":true}]}}