{"id":94,"date":"2020-07-13T18:00:11","date_gmt":"2020-07-13T16:00:11","guid":{"rendered":"https:\/\/lamatiere.net\/?post_type=product&#038;p=94"},"modified":"2023-07-07T12:36:50","modified_gmt":"2023-07-07T10:36:50","slug":"la-matiere","status":"publish","type":"product","link":"https:\/\/lamatiere.net\/index.php\/produit\/la-matiere\/","title":{"rendered":"La Mati\u00e8re &#8211; La Mati\u00e8re"},"content":{"rendered":"<p><iframe loading=\"lazy\" src=\"https:\/\/www.youtube.com\/embed\/Ja3buZxTMwg\" width=\"560\" height=\"315\" frameborder=\"0\" allowfullscreen=\"allowfullscreen\"><\/iframe><br \/>\n<iframe loading=\"lazy\" src=\"https:\/\/www.youtube.com\/embed\/w0nonlhum8Q\" width=\"560\" height=\"315\" frameborder=\"0\" allowfullscreen=\"allowfullscreen\"><\/iframe><\/p>\n","protected":false},"excerpt":{"rendered":"<p>Un petit voyage sur Paris pour vous faire d\u00e9couvrir l&rsquo;univers des 3 comp\u00e8res, actifs dans l&rsquo;underground depuis l&rsquo;\u00e9poque de ADK Crew, (Tonto Noiza) qui supervise enti\u00e8rement ce projet, \u00e9paul\u00e9 depuis quelques ann\u00e9es d\u00e9j\u00e0 par Meraxx (Meratont), viens s&rsquo;ajouter D&rsquo;Ter (OEADK), pour former un crew \u00e0 part enti\u00e8re.<\/p>\n<p>CD Digipack \u00e9dition limit\u00e9e (300 exemplaires)<\/p>\n","protected":false},"featured_media":631,"template":"","meta":[],"product_brand":[],"product_cat":[30],"product_tag":[],"class_list":{"0":"post-94","1":"product","2":"type-product","3":"status-publish","4":"has-post-thumbnail","6":"product_cat-cd","7":"product_shipping_class-cd","9":"first","10":"outofstock","11":"shipping-taxable","12":"purchasable","13":"product-type-simple"},"_links":{"self":[{"href":"https:\/\/lamatiere.net\/index.php\/wp-json\/wp\/v2\/product\/94","targetHints":{"allow":["GET"]}}],"collection":[{"href":"https:\/\/lamatiere.net\/index.php\/wp-json\/wp\/v2\/product"}],"about":[{"href":"https:\/\/lamatiere.net\/index.php\/wp-json\/wp\/v2\/types\/product"}],"wp:featuredmedia":[{"embeddable":true,"href":"https:\/\/lamatiere.net\/index.php\/wp-json\/wp\/v2\/media\/631"}],"wp:attachment":[{"href":"https:\/\/lamatiere.net\/index.php\/wp-json\/wp\/v2\/media?parent=94"}],"wp:term":[{"taxonomy":"product_brand","embeddable":true,"href":"https:\/\/lamatiere.net\/index.php\/wp-json\/wp\/v2\/product_brand?post=94"},{"taxonomy":"product_cat","embeddable":true,"href":"https:\/\/lamatiere.net\/index.php\/wp-json\/wp\/v2\/product_cat?post=94"},{"taxonomy":"product_tag","embeddable":true,"href":"https:\/\/lamatiere.net\/index.php\/wp-json\/wp\/v2\/product_tag?post=94"}],"curies":[{"name":"wp","href":"https:\/\/api.w.org\/{rel}","templated":true}]}}